{"id":1527,"date":"2023-12-07T15:58:31","date_gmt":"2023-12-07T21:58:31","guid":{"rendered":"https:\/\/autosensores.net\/?post_type=product&#038;p=1527"},"modified":"2023-12-07T16:40:28","modified_gmt":"2023-12-07T22:40:28","slug":"i70bt-plataforma-de-diagnostico-automotriz","status":"publish","type":"product","link":"https:\/\/autosensores.net\/?product=i70bt-plataforma-de-diagnostico-automotriz","title":{"rendered":"I70BT PLATAFORMA DE DIAGNOSTICO AUTOMOTRIZ"},"content":{"rendered":"<p>El I70 es una plataforma de diagnostico para aver\u00edas de autom\u00f3viles, con la cobertura de +70 marcas de fabricantes del mundo, ofrece funciones de servicio de todos lo m\u00f3dulos de funcionamiento adecuadas para su taller mec\u00e1nico as\u00ed como datos de prueba precisos, convirtiendo esta herramienta de ultima tecnolog\u00eda en un aliado de precio inigualable.<\/p>\n<p>LA MEJOR RELACION PRECIO Y CALIDAD DEL MERCADO.<\/p>\n<table width=\"646\">\n<thead>\n<tr>\n<td><strong>Modelo<\/strong><\/td>\n<td><strong>i70TSII<\/strong><\/td>\n<\/tr>\n<\/thead>\n<tbody>\n<tr>\n<td>Pantalla<\/td>\n<td>Pantalla t\u00e1ctil de 7\u201d en diagonal, 1024\u00d7600 pixel, alto brillo<\/td>\n<\/tr>\n<tr>\n<td>Toque con guantes<\/td>\n<td>Soporta el uso con guantes<\/td>\n<\/tr>\n<tr>\n<td>Sistema operativo<\/td>\n<td>Sistema operativo Android 9 personalizado<\/td>\n<\/tr>\n<tr>\n<td>CPU<\/td>\n<td>Quad Core 1.3GHz<\/td>\n<\/tr>\n<tr>\n<td>Memoria<\/td>\n<td>RAM 1GB DDR3L<\/td>\n<\/tr>\n<tr>\n<td>Disco duro SSD<\/td>\n<td>Almacenamiento 32GB<\/td>\n<\/tr>\n<tr>\n<td>Interface de comunicaci\u00f3n<\/td>\n<td>WIFI IEEE 802.11 b\/g Wireless LAN<br \/>\nmicro USB 2.0 OTG, USB 2.0 HOST standard<\/td>\n<\/tr>\n<tr>\n<td><\/td>\n<td><\/td>\n<\/tr>\n<tr>\n<td><\/td>\n<td>Bluetooth 4.0 (10-20 m)<\/td>\n<\/tr>\n<tr>\n<td><\/td>\n<td><\/td>\n<\/tr>\n<tr>\n<td>Camara<\/td>\n<td>C\u00e1mara trasera, 5 megapixels<\/td>\n<\/tr>\n<tr>\n<td>Bater\u00eda<\/td>\n<td>Bater\u00eda interna de 4000mAh, recargable con adaptador de 5V, 2.5A<\/td>\n<\/tr>\n<tr>\n<td>Protocolos<\/td>\n<td>ISO9141-2, ISO14230-2, ISO15765-4, K\/L lines, Double K Line SAE-J1850<br \/>\nVPW, SAE-J1850PWM, CAN ISO 11898, High-speed, Middle-speed,<br \/>\nLows-peed and Single wire CAN, KW81, KW82, GM UART, UART Echo<br \/>\nByte Protocol, Honda Diag-H Protocol, TP2.0, TP1.6, SAE J1939,<br \/>\nSAE J1939, SAE J1708, Fault-Tolerant CAN<\/td>\n<\/tr>\n<tr>\n<td>Dimensiones<\/td>\n<td>205x135x30 mm<\/td>\n<\/tr>\n<\/tbody>\n<\/table>\n<p>&nbsp;<\/p>\n","protected":false},"excerpt":{"rendered":"<p>El I70 es una plataforma de diagnostico para aver\u00edas de autom\u00f3viles, con la cobertura de +70 marcas de fabricantes del mundo.<\/p>\n","protected":false},"featured_media":1530,"comment_status":"closed","ping_status":"closed","template":"","meta":{"_monsterinsights_skip_tracking":false,"_monsterinsights_sitenote_active":false,"_monsterinsights_sitenote_note":"","_monsterinsights_sitenote_category":0,"ocean_post_layout":"","ocean_both_sidebars_style":"","ocean_both_sidebars_content_width":0,"ocean_both_sidebars_sidebars_width":0,"ocean_sidebar":"0","ocean_second_sidebar":"0","ocean_disable_margins":"enable","ocean_add_body_class":"","ocean_shortcode_before_top_bar":"","ocean_shortcode_after_top_bar":"","ocean_shortcode_before_header":"","ocean_shortcode_after_header":"","ocean_has_shortcode":"","ocean_shortcode_after_title":"","ocean_shortcode_before_footer_widgets":"","ocean_shortcode_after_footer_widgets":"","ocean_shortcode_before_footer_bottom":"","ocean_shortcode_after_footer_bottom":"","ocean_display_top_bar":"default","ocean_display_header":"default","ocean_header_style":"","ocean_center_header_left_menu":"0","ocean_custom_header_template":"0","ocean_custom_logo":0,"ocean_custom_retina_logo":0,"ocean_custom_logo_max_width":0,"ocean_custom_logo_tablet_max_width":0,"ocean_custom_logo_mobile_max_width":0,"ocean_custom_logo_max_height":0,"ocean_custom_logo_tablet_max_height":0,"ocean_custom_logo_mobile_max_height":0,"ocean_header_custom_menu":"0","ocean_menu_typo_font_family":"0","ocean_menu_typo_font_subset":"","ocean_menu_typo_font_size":0,"ocean_menu_typo_font_size_tablet":0,"ocean_menu_typo_font_size_mobile":0,"ocean_menu_typo_font_size_unit":"px","ocean_menu_typo_font_weight":"","ocean_menu_typo_font_weight_tablet":"","ocean_menu_typo_font_weight_mobile":"","ocean_menu_typo_transform":"","ocean_menu_typo_transform_tablet":"","ocean_menu_typo_transform_mobile":"","ocean_menu_typo_line_height":0,"ocean_menu_typo_line_height_tablet":0,"ocean_menu_typo_line_height_mobile":0,"ocean_menu_typo_line_height_unit":"","ocean_menu_typo_spacing":0,"ocean_menu_typo_spacing_tablet":0,"ocean_menu_typo_spacing_mobile":0,"ocean_menu_typo_spacing_unit":"","ocean_menu_link_color":"","ocean_menu_link_color_hover":"","ocean_menu_link_color_active":"","ocean_menu_link_background":"","ocean_menu_link_hover_background":"","ocean_menu_link_active_background":"","ocean_menu_social_links_bg":"","ocean_menu_social_hover_links_bg":"","ocean_menu_social_links_color":"","ocean_menu_social_hover_links_color":"","ocean_disable_title":"default","ocean_disable_heading":"default","ocean_post_title":"","ocean_post_subheading":"","ocean_post_title_style":"","ocean_post_title_background_color":"","ocean_post_title_background":0,"ocean_post_title_bg_image_position":"","ocean_post_title_bg_image_attachment":"","ocean_post_title_bg_image_repeat":"","ocean_post_title_bg_image_size":"","ocean_post_title_height":0,"ocean_post_title_bg_overlay":0.5,"ocean_post_title_bg_overlay_color":"","ocean_disable_breadcrumbs":"default","ocean_breadcrumbs_color":"","ocean_breadcrumbs_separator_color":"","ocean_breadcrumbs_links_color":"","ocean_breadcrumbs_links_hover_color":"","ocean_display_footer_widgets":"default","ocean_display_footer_bottom":"default","ocean_custom_footer_template":"0"},"product_brand":[],"product_cat":[71],"product_tag":[72],"class_list":{"0":"post-1527","1":"product","2":"type-product","3":"status-publish","4":"has-post-thumbnail","6":"product_cat-plataforma-diagnostico","7":"product_tag-plataforma-de-diagnostico","9":"entry","10":"has-media","12":"first","13":"instock","14":"shipping-taxable","15":"purchasable","16":"product-type-simple","17":"has-product-nav","18":"col","19":"span_1_of_3","20":"owp-content-center","21":"owp-thumbs-layout-horizontal","22":"owp-btn-normal","23":"owp-tabs-layout-horizontal"},"aioseo_notices":[],"jetpack_sharing_enabled":true,"_links":{"self":[{"href":"https:\/\/autosensores.net\/index.php?rest_route=\/wp\/v2\/product\/1527","targetHints":{"allow":["GET"]}}],"collection":[{"href":"https:\/\/autosensores.net\/index.php?rest_route=\/wp\/v2\/product"}],"about":[{"href":"https:\/\/autosensores.net\/index.php?rest_route=\/wp\/v2\/types\/product"}],"replies":[{"embeddable":true,"href":"https:\/\/autosensores.net\/index.php?rest_route=%2Fwp%2Fv2%2Fcomments&post=1527"}],"wp:featuredmedia":[{"embeddable":true,"href":"https:\/\/autosensores.net\/index.php?rest_route=\/wp\/v2\/media\/1530"}],"wp:attachment":[{"href":"https:\/\/autosensores.net\/index.php?rest_route=%2Fwp%2Fv2%2Fmedia&parent=1527"}],"wp:term":[{"taxonomy":"product_brand","embeddable":true,"href":"https:\/\/autosensores.net\/index.php?rest_route=%2Fwp%2Fv2%2Fproduct_brand&post=1527"},{"taxonomy":"product_cat","embeddable":true,"href":"https:\/\/autosensores.net\/index.php?rest_route=%2Fwp%2Fv2%2Fproduct_cat&post=1527"},{"taxonomy":"product_tag","embeddable":true,"href":"https:\/\/autosensores.net\/index.php?rest_route=%2Fwp%2Fv2%2Fproduct_tag&post=1527"}],"curies":[{"name":"wp","href":"https:\/\/api.w.org\/{rel}","templated":true}]}}