{"id":1235,"date":"2023-11-03T21:51:08","date_gmt":"2023-11-03T20:51:08","guid":{"rendered":"https:\/\/autosensores.net\/?page_id=1235"},"modified":"2023-12-08T09:27:05","modified_gmt":"2023-12-08T15:27:05","slug":"elementor-1235","status":"publish","type":"page","link":"https:\/\/autosensores.net\/?page_id=1235","title":{"rendered":"Qui\u00e9nes Somos"},"content":{"rendered":"\t\t<div data-elementor-type=\"wp-page\" data-elementor-id=\"1235\" class=\"elementor elementor-1235\">\n\t\t\t\t\t\t\t<div class=\"elementor-element elementor-element-e241eee e-con-full about-us-img e-flex e-con e-parent\" data-id=\"e241eee\" data-element_type=\"container\" data-settings=\"{&quot;content_width&quot;:&quot;full&quot;}\" data-core-v316-plus=\"true\">\n\t\t\t\t<div class=\"elementor-element elementor-element-deae9f1 elementor-widget__width-inherit elementor-widget elementor-widget-image\" data-id=\"deae9f1\" data-element_type=\"widget\" data-widget_type=\"image.default\">\n\t\t\t\t<div class=\"elementor-widget-container\">\n\t\t\t<style>\/*! elementor - v3.17.0 - 08-11-2023 *\/\n.elementor-widget-image{text-align:center}.elementor-widget-image a{display:inline-block}.elementor-widget-image a img[src$=\".svg\"]{width:48px}.elementor-widget-image img{vertical-align:middle;display:inline-block}<\/style>\t\t\t\t\t\t\t\t\t\t\t\t<img loading=\"lazy\" decoding=\"async\" width=\"1920\" height=\"580\" src=\"https:\/\/autosensores.net\/wp-content\/uploads\/2023\/11\/about-us.jpg\" class=\"attachment-full size-full wp-image-1238\" alt=\"\" srcset=\"https:\/\/autosensores.net\/wp-content\/uploads\/2023\/11\/about-us.jpg 1920w, https:\/\/autosensores.net\/wp-content\/uploads\/2023\/11\/about-us-300x91.jpg 300w, https:\/\/autosensores.net\/wp-content\/uploads\/2023\/11\/about-us-1024x309.jpg 1024w, https:\/\/autosensores.net\/wp-content\/uploads\/2023\/11\/about-us-768x232.jpg 768w, https:\/\/autosensores.net\/wp-content\/uploads\/2023\/11\/about-us-1536x464.jpg 1536w, https:\/\/autosensores.net\/wp-content\/uploads\/2023\/11\/about-us-504x152.jpg 504w\" sizes=\"auto, (max-width: 1920px) 100vw, 1920px\" \/>\t\t\t\t\t\t\t\t\t\t\t\t\t\t\t<\/div>\n\t\t\t\t<\/div>\n\t\t\t\t<\/div>\n\t\t<div class=\"elementor-element elementor-element-68523e0 e-flex e-con-boxed e-con e-parent\" data-id=\"68523e0\" data-element_type=\"container\" data-settings=\"{&quot;content_width&quot;:&quot;boxed&quot;}\" data-core-v316-plus=\"true\">\n\t\t\t\t\t<div class=\"e-con-inner\">\n\t\t\t\t<div class=\"elementor-element elementor-element-1a81242 elementor-widget elementor-widget-heading\" data-id=\"1a81242\" data-element_type=\"widget\" data-widget_type=\"heading.default\">\n\t\t\t\t<div class=\"elementor-widget-container\">\n\t\t\t<style>\/*! elementor - v3.17.0 - 08-11-2023 *\/\n.elementor-heading-title{padding:0;margin:0;line-height:1}.elementor-widget-heading .elementor-heading-title[class*=elementor-size-]>a{color:inherit;font-size:inherit;line-height:inherit}.elementor-widget-heading .elementor-heading-title.elementor-size-small{font-size:15px}.elementor-widget-heading .elementor-heading-title.elementor-size-medium{font-size:19px}.elementor-widget-heading .elementor-heading-title.elementor-size-large{font-size:29px}.elementor-widget-heading .elementor-heading-title.elementor-size-xl{font-size:39px}.elementor-widget-heading .elementor-heading-title.elementor-size-xxl{font-size:59px}<\/style><h2 class=\"elementor-heading-title elementor-size-xl\">Tenemos un compromiso especial<\/h2>\t\t<\/div>\n\t\t\t\t<\/div>\n\t\t\t\t<div class=\"elementor-element elementor-element-ed7c4f6 elementor-widget-divider--view-line elementor-widget elementor-widget-divider\" data-id=\"ed7c4f6\" data-element_type=\"widget\" data-widget_type=\"divider.default\">\n\t\t\t\t<div class=\"elementor-widget-container\">\n\t\t\t<style>\/*! elementor - v3.17.0 - 08-11-2023 *\/\n.elementor-widget-divider{--divider-border-style:none;--divider-border-width:1px;--divider-color:#0c0d0e;--divider-icon-size:20px;--divider-element-spacing:10px;--divider-pattern-height:24px;--divider-pattern-size:20px;--divider-pattern-url:none;--divider-pattern-repeat:repeat-x}.elementor-widget-divider .elementor-divider{display:flex}.elementor-widget-divider .elementor-divider__text{font-size:15px;line-height:1;max-width:95%}.elementor-widget-divider .elementor-divider__element{margin:0 var(--divider-element-spacing);flex-shrink:0}.elementor-widget-divider .elementor-icon{font-size:var(--divider-icon-size)}.elementor-widget-divider .elementor-divider-separator{display:flex;margin:0;direction:ltr}.elementor-widget-divider--view-line_icon .elementor-divider-separator,.elementor-widget-divider--view-line_text .elementor-divider-separator{align-items:center}.elementor-widget-divider--view-line_icon .elementor-divider-separator:after,.elementor-widget-divider--view-line_icon .elementor-divider-separator:before,.elementor-widget-divider--view-line_text .elementor-divider-separator:after,.elementor-widget-divider--view-line_text .elementor-divider-separator:before{display:block;content:\"\";border-bottom:0;flex-grow:1;border-top:var(--divider-border-width) var(--divider-border-style) var(--divider-color)}.elementor-widget-divider--element-align-left .elementor-divider .elementor-divider-separator>.elementor-divider__svg:first-of-type{flex-grow:0;flex-shrink:100}.elementor-widget-divider--element-align-left .elementor-divider-separator:before{content:none}.elementor-widget-divider--element-align-left .elementor-divider__element{margin-left:0}.elementor-widget-divider--element-align-right .elementor-divider .elementor-divider-separator>.elementor-divider__svg:last-of-type{flex-grow:0;flex-shrink:100}.elementor-widget-divider--element-align-right .elementor-divider-separator:after{content:none}.elementor-widget-divider--element-align-right .elementor-divider__element{margin-right:0}.elementor-widget-divider:not(.elementor-widget-divider--view-line_text):not(.elementor-widget-divider--view-line_icon) .elementor-divider-separator{border-top:var(--divider-border-width) var(--divider-border-style) var(--divider-color)}.elementor-widget-divider--separator-type-pattern{--divider-border-style:none}.elementor-widget-divider--separator-type-pattern.elementor-widget-divider--view-line .elementor-divider-separator,.elementor-widget-divider--separator-type-pattern:not(.elementor-widget-divider--view-line) .elementor-divider-separator:after,.elementor-widget-divider--separator-type-pattern:not(.elementor-widget-divider--view-line) .elementor-divider-separator:before,.elementor-widget-divider--separator-type-pattern:not([class*=elementor-widget-divider--view]) .elementor-divider-separator{width:100%;min-height:var(--divider-pattern-height);-webkit-mask-size:var(--divider-pattern-size) 100%;mask-size:var(--divider-pattern-size) 100%;-webkit-mask-repeat:var(--divider-pattern-repeat);mask-repeat:var(--divider-pattern-repeat);background-color:var(--divider-color);-webkit-mask-image:var(--divider-pattern-url);mask-image:var(--divider-pattern-url)}.elementor-widget-divider--no-spacing{--divider-pattern-size:auto}.elementor-widget-divider--bg-round{--divider-pattern-repeat:round}.rtl .elementor-widget-divider .elementor-divider__text{direction:rtl}.e-con-inner>.elementor-widget-divider,.e-con>.elementor-widget-divider{width:var(--container-widget-width,100%);--flex-grow:var(--container-widget-flex-grow)}<\/style>\t\t<div class=\"elementor-divider\">\n\t\t\t<span class=\"elementor-divider-separator\">\n\t\t\t\t\t\t<\/span>\n\t\t<\/div>\n\t\t\t\t<\/div>\n\t\t\t\t<\/div>\n\t\t\t\t\t<\/div>\n\t\t\t\t<\/div>\n\t\t<div class=\"elementor-element elementor-element-ceb065c e-con-full e-flex e-con e-parent\" data-id=\"ceb065c\" data-element_type=\"container\" data-settings=\"{&quot;content_width&quot;:&quot;full&quot;}\" data-core-v316-plus=\"true\">\n\t\t\t\t<div class=\"elementor-element elementor-element-28ae18d elementor-widget elementor-widget-text-editor\" data-id=\"28ae18d\" data-element_type=\"widget\" data-widget_type=\"text-editor.default\">\n\t\t\t\t<div class=\"elementor-widget-container\">\n\t\t\t<style>\/*! elementor - v3.17.0 - 08-11-2023 *\/\n.elementor-widget-text-editor.elementor-drop-cap-view-stacked .elementor-drop-cap{background-color:#69727d;color:#fff}.elementor-widget-text-editor.elementor-drop-cap-view-framed .elementor-drop-cap{color:#69727d;border:3px solid;background-color:transparent}.elementor-widget-text-editor:not(.elementor-drop-cap-view-default) .elementor-drop-cap{margin-top:8px}.elementor-widget-text-editor:not(.elementor-drop-cap-view-default) .elementor-drop-cap-letter{width:1em;height:1em}.elementor-widget-text-editor .elementor-drop-cap{float:left;text-align:center;line-height:1;font-size:50px}.elementor-widget-text-editor .elementor-drop-cap-letter{display:inline-block}<\/style>\t\t\t\t<p class=\"body\" dir=\"auto\" style=\"margin-bottom: 32px; color: #323232; font-family: var(--body-m-font-family, var(--body-font-family)); font-size: medium; font-style: normal; font-weight: 400; line-height: var(--lineHeightMobile, var(--body-line-height)); font-variant-ligatures: normal; font-variant-caps: normal; white-space-collapse: break-spaces; text-align: center;\">Foxwell es un proveedor de productos, servicios y soluciones de diagn\u00f3stico profesional para automoci\u00f3n, en el mercado de postventa libre multimarca.<\/p><p class=\"body\" dir=\"auto\" style=\"margin-bottom: 1.5em; color: #000000; font-family: var(--body-m-font-family, var(--body-font-family)); font-size: medium; font-style: normal; font-weight: 400; line-height: var(--lineHeightMobile, var(--body-line-height)); font-variant-ligatures: normal; font-variant-caps: normal; text-align: center; white-space-collapse: break-spaces;\">Combinamos conocimiento de la industria, experiencia en la fabricaci\u00f3n e innovaci\u00f3n tecnol\u00f3gica para ofrecer una amplia gama que incluye los lectores de c\u00f3digo de OBDII, esc\u00e1neres de autodiagnosis profesionales, herramientas para frenos el\u00e9ctricos de estacionamiento, dispositivos para servicio integral de los sistemas TPMS y otras herramientas innovadoras para beneficio de nuestros clientes.<\/p><p class=\"body\" dir=\"auto\" style=\"margin-bottom: 1.5em; color: #000000; font-family: var(--body-m-font-family, var(--body-font-family)); font-size: medium; font-style: normal; font-weight: 400; line-height: var(--lineHeightMobile, var(--body-line-height)); font-variant-ligatures: normal; font-variant-caps: normal; text-align: center; white-space-collapse: break-spaces;\">En Foxwell, innovamos en todos los niveles de la tecnolog\u00eda con los expertos m\u00e1s distinguidos de esta industria y un compromiso apasionado con la excelencia para crear crecimiento y beneficios para nuestros clientes, socios, inversores y empleados.<\/p>\t\t\t\t\t\t<\/div>\n\t\t\t\t<\/div>\n\t\t\t\t<\/div>\n\t\t<div class=\"elementor-element elementor-element-f7c58f0 e-con-full e-flex e-con e-parent\" data-id=\"f7c58f0\" data-element_type=\"container\" data-settings=\"{&quot;content_width&quot;:&quot;full&quot;,&quot;background_background&quot;:&quot;classic&quot;}\" data-core-v316-plus=\"true\">\n\t\t<div class=\"elementor-element elementor-element-477a2e6 e-con-full e-flex e-con e-child\" data-id=\"477a2e6\" data-element_type=\"container\" data-settings=\"{&quot;content_width&quot;:&quot;full&quot;}\">\n\t\t\t\t<\/div>\n\t\t<div class=\"elementor-element elementor-element-b8c66a1 e-con-full e-flex e-con e-child\" data-id=\"b8c66a1\" data-element_type=\"container\" data-settings=\"{&quot;content_width&quot;:&quot;full&quot;}\">\n\t\t\t\t<div class=\"elementor-element elementor-element-36ca9d2 elementor-widget elementor-widget-text-editor\" data-id=\"36ca9d2\" data-element_type=\"widget\" data-widget_type=\"text-editor.default\">\n\t\t\t\t<div class=\"elementor-widget-container\">\n\t\t\t\t\t\t\t<p class=\"body\" dir=\"auto\" style=\"margin-bottom: 32px; color: #1a1a1a; font-family: var(--body-font-family); font-size: medium; font-style: normal; line-height: var(--lineHeightDesktop, var(--body-line-height)); font-variant-ligatures: normal; font-variant-caps: normal; white-space-collapse: break-spaces;\"><span style=\"color: #ffffff; font-size: var(--fontSizeDesktop);\"><b>Clientes en todo el mundo necesitan acceder f\u00e1cilmente a los contenidos y la informaci\u00f3n que les preocupa y solucionar aver\u00edas a un costo razonable. Al invertir un m\u00ednimo del 20% de nuestros ingresos anuales en I+D, basamos nuestros productos y soluciones en tecnolog\u00eda intuitiva para hacerlo m\u00e1s simple, m\u00e1s inteligente y m\u00e1s satisfactorio para diagnosticar y reparar los veh\u00edculos de todos nuestros clientes, desde los propietarios de autom\u00f3viles hasta t\u00e9cnicos y talleres profesionales.<\/b><\/span><\/p><p class=\"body\" dir=\"auto\" style=\"margin-bottom: 1.5em; color: #1a1a1a; font-family: var(--body-font-family); font-size: medium; font-style: normal; line-height: var(--lineHeightDesktop, var(--body-line-height)); font-variant-ligatures: normal; font-variant-caps: normal; white-space-collapse: break-spaces;\"><span style=\"color: #ffffff; font-size: var(--fontSizeDesktop);\"><b>Ponemos en manos de nuestros clientes a todos los niveles el poder de identificar problemas y aver\u00edas; aumentando sus posibilidades de \u00e9xito con productos y soluciones excepcionales, sencillas de utilizar, y a coste asequible. Tambi\u00e9n ayudamos a los talleres y profesionales a reducir costos de operaci\u00f3n y aumentar la productividad con nuestros productos y servicios integrales profesionales a precio asequible<\/b><\/span><\/p>\t\t\t\t\t\t<\/div>\n\t\t\t\t<\/div>\n\t\t\t\t<\/div>\n\t\t\t\t<\/div>\n\t\t<div class=\"elementor-element elementor-element-800ede1 e-flex e-con-boxed e-con e-parent\" data-id=\"800ede1\" data-element_type=\"container\" data-settings=\"{&quot;content_width&quot;:&quot;boxed&quot;}\" data-core-v316-plus=\"true\">\n\t\t\t\t\t<div class=\"e-con-inner\">\n\t\t<div class=\"elementor-element elementor-element-3e3a100 e-flex e-con-boxed e-con e-child\" data-id=\"3e3a100\" data-element_type=\"container\" data-settings=\"{&quot;content_width&quot;:&quot;boxed&quot;}\">\n\t\t\t\t\t<div class=\"e-con-inner\">\n\t\t\t\t<div class=\"elementor-element elementor-element-1b1fb93 elementor-widget elementor-widget-heading\" data-id=\"1b1fb93\" data-element_type=\"widget\" data-widget_type=\"heading.default\">\n\t\t\t\t<div class=\"elementor-widget-container\">\n\t\t\t<h2 class=\"elementor-heading-title elementor-size-xl\">Tenemos un compromiso especial para invertir en estrategias a largo plazo que impulsen nuestro crecimiento:<\/h2>\t\t<\/div>\n\t\t\t\t<\/div>\n\t\t\t\t<div class=\"elementor-element elementor-element-2be3dc1 elementor-widget-divider--view-line elementor-widget elementor-widget-divider\" data-id=\"2be3dc1\" data-element_type=\"widget\" data-widget_type=\"divider.default\">\n\t\t\t\t<div class=\"elementor-widget-container\">\n\t\t\t\t\t<div class=\"elementor-divider\">\n\t\t\t<span class=\"elementor-divider-separator\">\n\t\t\t\t\t\t<\/span>\n\t\t<\/div>\n\t\t\t\t<\/div>\n\t\t\t\t<\/div>\n\t\t\t\t\t<\/div>\n\t\t\t\t<\/div>\n\t\t<div class=\"elementor-element elementor-element-1218fb8 e-con-full e-flex e-con e-child\" data-id=\"1218fb8\" data-element_type=\"container\" data-settings=\"{&quot;content_width&quot;:&quot;full&quot;}\">\n\t\t\t\t<div class=\"elementor-element elementor-element-7406899 elementor-align-left elementor-list-item-link-full_width elementor-widget elementor-widget-icon-list\" data-id=\"7406899\" data-element_type=\"widget\" data-widget_type=\"icon-list.default\">\n\t\t\t\t<div class=\"elementor-widget-container\">\n\t\t\t<link rel=\"stylesheet\" href=\"https:\/\/autosensores.net\/wp-content\/plugins\/elementor\/assets\/css\/widget-icon-list.min.css\">\t\t<ul class=\"elementor-icon-list-items\">\n\t\t\t\t\t\t\t<li class=\"elementor-icon-list-item\">\n\t\t\t\t\t\t\t\t\t\t\t<span class=\"elementor-icon-list-icon\">\n\t\t\t\t\t\t\t<i aria-hidden=\"true\" class=\"fas fa-circle\"><\/i>\t\t\t\t\t\t<\/span>\n\t\t\t\t\t\t\t\t\t\t<span class=\"elementor-icon-list-text\">Ampliando la oferta de soluciones y servicios para mejorar la satisfacci\u00f3n del cliente.<\/span>\n\t\t\t\t\t\t\t\t\t<\/li>\n\t\t\t\t\t\t\t\t<li class=\"elementor-icon-list-item\">\n\t\t\t\t\t\t\t\t\t\t\t<span class=\"elementor-icon-list-icon\">\n\t\t\t\t\t\t\t<i aria-hidden=\"true\" class=\"fas fa-circle\"><\/i>\t\t\t\t\t\t<\/span>\n\t\t\t\t\t\t\t\t\t\t<span class=\"elementor-icon-list-text\">Satisfacer las necesidades de nuestros clientes clave para ayudar a su crecimiento.<\/span>\n\t\t\t\t\t\t\t\t\t<\/li>\n\t\t\t\t\t\t\t\t<li class=\"elementor-icon-list-item\">\n\t\t\t\t\t\t\t\t\t\t\t<span class=\"elementor-icon-list-icon\">\n\t\t\t\t\t\t\t<i aria-hidden=\"true\" class=\"fas fa-circle\"><\/i>\t\t\t\t\t\t<\/span>\n\t\t\t\t\t\t\t\t\t\t<span class=\"elementor-icon-list-text\">Reforzar nuestra presencia en los grandes comercios del sector.<\/span>\n\t\t\t\t\t\t\t\t\t<\/li>\n\t\t\t\t\t\t\t\t<li class=\"elementor-icon-list-item\">\n\t\t\t\t\t\t\t\t\t\t\t<span class=\"elementor-icon-list-icon\">\n\t\t\t\t\t\t\t<i aria-hidden=\"true\" class=\"fas fa-circle\"><\/i>\t\t\t\t\t\t<\/span>\n\t\t\t\t\t\t\t\t\t\t<span class=\"elementor-icon-list-text\">Estableciendo y haciendo crecer nuestra presencia en los mercados emergentes.<\/span>\n\t\t\t\t\t\t\t\t\t<\/li>\n\t\t\t\t\t\t<\/ul>\n\t\t\t\t<\/div>\n\t\t\t\t<\/div>\n\t\t\t\t<div class=\"elementor-element elementor-element-fe9d202 elementor-widget elementor-widget-text-editor\" data-id=\"fe9d202\" data-element_type=\"widget\" data-widget_type=\"text-editor.default\">\n\t\t\t\t<div class=\"elementor-widget-container\">\n\t\t\t\t\t\t\t<p class=\"body\" dir=\"auto\" style=\"margin-bottom: 32px; color: #323232; font-family: var(--body-font-family); font-size: medium; font-style: normal; font-weight: 400; line-height: var(--lineHeightDesktop, var(--body-line-height)); font-variant-ligatures: normal; font-variant-caps: normal; text-align: center; white-space-collapse: break-spaces;\">Adem\u00e1s, hemos implantado los mejores recursos de ingenier\u00eda de la industria que nos permiten llevar nuevos productos y tecnolog\u00edas al mercado mucho m\u00e1s r\u00e1pido que nuestros competidores.<\/p><p class=\"body\" dir=\"auto\" style=\"margin-bottom: 1.5em; color: #000000; font-family: var(--body-font-family); font-size: medium; font-style: normal; font-weight: 400; line-height: var(--lineHeightDesktop, var(--body-line-height)); font-variant-ligatures: normal; font-variant-caps: normal; text-align: center; white-space-collapse: break-spaces;\">Con la agilidad de una peque\u00f1a empresa, hemos demostrado a lo largo de nuestra experiencia que podemos construir el futuro sobre la base de la innovaci\u00f3n continua, un conocimiento profundo de los retos de nuestros clientes y sus \u00e9xitos y los mejores talentos t\u00e9cnicos en la industria.<\/p>\t\t\t\t\t\t<\/div>\n\t\t\t\t<\/div>\n\t\t\t\t<\/div>\n\t\t\t\t\t<\/div>\n\t\t\t\t<\/div>\n\t\t\t\t\t\t\t<\/div>\n\t\t","protected":false},"excerpt":{"rendered":"<p>Tenemos un compromiso especial Foxwell es un proveedor de productos, servicios y soluciones de diagn\u00f3stico profesional para automoci\u00f3n, en el mercado de postventa libre multimarca. Combinamos conocimiento de la industria, experiencia en la fabricaci\u00f3n e innovaci\u00f3n tecnol\u00f3gica para ofrecer una amplia gama que incluye los lectores de c\u00f3digo de OBDII, esc\u00e1neres de autodiagnosis profesionales, herramientas [&hellip;]<\/p>\n","protected":false},"author":1,"featured_media":0,"parent":0,"menu_order":0,"comment_status":"closed","ping_status":"closed","template":"elementor_header_footer","meta":{"_monsterinsights_skip_tracking":false,"_monsterinsights_sitenote_active":false,"_monsterinsights_sitenote_note":"","_monsterinsights_sitenote_category":0,"ocean_post_layout":"","ocean_both_sidebars_style":"","ocean_both_sidebars_content_width":0,"ocean_both_sidebars_sidebars_width":0,"ocean_sidebar":"","ocean_second_sidebar":"","ocean_disable_margins":"enable","ocean_add_body_class":"","ocean_shortcode_before_top_bar":"","ocean_shortcode_after_top_bar":"","ocean_shortcode_before_header":"","ocean_shortcode_after_header":"","ocean_has_shortcode":"","ocean_shortcode_after_title":"","ocean_shortcode_before_footer_widgets":"","ocean_shortcode_after_footer_widgets":"","ocean_shortcode_before_footer_bottom":"","ocean_shortcode_after_footer_bottom":"","ocean_display_top_bar":"default","ocean_display_header":"default","ocean_header_style":"","ocean_center_header_left_menu":"","ocean_custom_header_template":"","ocean_custom_logo":0,"ocean_custom_retina_logo":0,"ocean_custom_logo_max_width":0,"ocean_custom_logo_tablet_max_width":0,"ocean_custom_logo_mobile_max_width":0,"ocean_custom_logo_max_height":0,"ocean_custom_logo_tablet_max_height":0,"ocean_custom_logo_mobile_max_height":0,"ocean_header_custom_menu":"","ocean_menu_typo_font_family":"","ocean_menu_typo_font_subset":"","ocean_menu_typo_font_size":0,"ocean_menu_typo_font_size_tablet":0,"ocean_menu_typo_font_size_mobile":0,"ocean_menu_typo_font_size_unit":"px","ocean_menu_typo_font_weight":"","ocean_menu_typo_font_weight_tablet":"","ocean_menu_typo_font_weight_mobile":"","ocean_menu_typo_transform":"","ocean_menu_typo_transform_tablet":"","ocean_menu_typo_transform_mobile":"","ocean_menu_typo_line_height":0,"ocean_menu_typo_line_height_tablet":0,"ocean_menu_typo_line_height_mobile":0,"ocean_menu_typo_line_height_unit":"","ocean_menu_typo_spacing":0,"ocean_menu_typo_spacing_tablet":0,"ocean_menu_typo_spacing_mobile":0,"ocean_menu_typo_spacing_unit":"","ocean_menu_link_color":"","ocean_menu_link_color_hover":"","ocean_menu_link_color_active":"","ocean_menu_link_background":"","ocean_menu_link_hover_background":"","ocean_menu_link_active_background":"","ocean_menu_social_links_bg":"","ocean_menu_social_hover_links_bg":"","ocean_menu_social_links_color":"","ocean_menu_social_hover_links_color":"","ocean_disable_title":"default","ocean_disable_heading":"default","ocean_post_title":"","ocean_post_subheading":"","ocean_post_title_style":"","ocean_post_title_background_color":"","ocean_post_title_background":0,"ocean_post_title_bg_image_position":"","ocean_post_title_bg_image_attachment":"","ocean_post_title_bg_image_repeat":"","ocean_post_title_bg_image_size":"","ocean_post_title_height":0,"ocean_post_title_bg_overlay":0.5,"ocean_post_title_bg_overlay_color":"","ocean_disable_breadcrumbs":"default","ocean_breadcrumbs_color":"","ocean_breadcrumbs_separator_color":"","ocean_breadcrumbs_links_color":"","ocean_breadcrumbs_links_hover_color":"","ocean_display_footer_widgets":"default","ocean_display_footer_bottom":"default","ocean_custom_footer_template":"","footnotes":""},"class_list":["post-1235","page","type-page","status-publish","hentry","entry","owp-thumbs-layout-horizontal","owp-btn-normal","owp-tabs-layout-horizontal","has-no-thumbnails","has-product-nav"],"aioseo_notices":[],"jetpack_sharing_enabled":true,"_links":{"self":[{"href":"https:\/\/autosensores.net\/index.php?rest_route=\/wp\/v2\/pages\/1235","targetHints":{"allow":["GET"]}}],"collection":[{"href":"https:\/\/autosensores.net\/index.php?rest_route=\/wp\/v2\/pages"}],"about":[{"href":"https:\/\/autosensores.net\/index.php?rest_route=\/wp\/v2\/types\/page"}],"author":[{"embeddable":true,"href":"https:\/\/autosensores.net\/index.php?rest_route=\/wp\/v2\/users\/1"}],"replies":[{"embeddable":true,"href":"https:\/\/autosensores.net\/index.php?rest_route=%2Fwp%2Fv2%2Fcomments&post=1235"}],"version-history":[{"count":87,"href":"https:\/\/autosensores.net\/index.php?rest_route=\/wp\/v2\/pages\/1235\/revisions"}],"predecessor-version":[{"id":1569,"href":"https:\/\/autosensores.net\/index.php?rest_route=\/wp\/v2\/pages\/1235\/revisions\/1569"}],"wp:attachment":[{"href":"https:\/\/autosensores.net\/index.php?rest_route=%2Fwp%2Fv2%2Fmedia&parent=1235"}],"curies":[{"name":"wp","href":"https:\/\/api.w.org\/{rel}","templated":true}]}}